{"id":71006682,"date":"2022-02-06T08:21:03","date_gmt":"2022-02-06T08:21:03","guid":{"rendered":"https:\/\/gpp.lt\/cart\/"},"modified":"2023-09-28T17:17:57","modified_gmt":"2023-09-28T17:17:57","slug":"cart","status":"publish","type":"page","link":"https:\/\/gpp.lt\/en\/cart\/","title":{"rendered":"Cart"},"content":{"rendered":"<div class=\"woocommerce\">\n<div class=\"woocommerce-notices-wrapper\"><\/div><div class=\"wc-empty-cart-message\">\n\t<div class=\"cart-empty woocommerce-info\" role=\"status\">\n\t\tYour cart is currently empty.\t<\/div>\n<\/div>\n<div class=\"cart-empty empty-cart-block wc-empty-cart-message\">\n\t\t\t<h1 style=\"text-align: center\">J\u016bs\u0173 krep\u0161elis yra tu\u0161\u010dias<\/h1>\n<p style=\"text-align: center\">\n  Kvie\u010diame susipa\u017einti su m\u016bs\u0173 parduotuv\u0117s asortimentu. Tikrai galite rasti\n  ka\u017ek\u0105 sau!\n<\/p>\n\t\t\t\t<p><a class=\"btn black\" href=\"https:\/\/gpp.lt\/en\/shop\/\"><span>Return To Shop<\/span><\/a><\/p>\n\t<\/div><\/div>\n","protected":false},"excerpt":{"rendered":"","protected":false},"author":1,"featured_media":0,"parent":0,"menu_order":0,"comment_status":"closed","ping_status":"closed","template":"","meta":{"footnotes":""},"class_list":["post-71006682","page","type-page","status-publish","hentry"],"_links":{"self":[{"href":"https:\/\/gpp.lt\/en\/wp-json\/wp\/v2\/pages\/71006682","targetHints":{"allow":["GET"]}}],"collection":[{"href":"https:\/\/gpp.lt\/en\/wp-json\/wp\/v2\/pages"}],"about":[{"href":"https:\/\/gpp.lt\/en\/wp-json\/wp\/v2\/types\/page"}],"author":[{"embeddable":true,"href":"https:\/\/gpp.lt\/en\/wp-json\/wp\/v2\/users\/1"}],"replies":[{"embeddable":true,"href":"https:\/\/gpp.lt\/en\/wp-json\/wp\/v2\/comments?post=71006682"}],"version-history":[{"count":0,"href":"https:\/\/gpp.lt\/en\/wp-json\/wp\/v2\/pages\/71006682\/revisions"}],"wp:attachment":[{"href":"https:\/\/gpp.lt\/en\/wp-json\/wp\/v2\/media?parent=71006682"}],"curies":[{"name":"wp","href":"https:\/\/api.w.org\/{rel}","templated":true}]}}