{"id":71022643,"date":"2024-04-08T11:17:58","date_gmt":"2024-04-08T11:17:58","guid":{"rendered":"https:\/\/gpp.lt\/produktas\/quick-assembly-folding-choral-riser\/"},"modified":"2025-09-29T09:43:54","modified_gmt":"2025-09-29T09:43:54","slug":"quick-assembly-folding-choral-riser","status":"publish","type":"product","link":"https:\/\/gpp.lt\/en\/produktas\/quick-assembly-folding-choral-riser\/","title":{"rendered":"Quick-assembly Folding Choral Riser"},"content":{"rendered":"\t\t<div data-elementor-type=\"wp-post\" data-elementor-id=\"71022643\" class=\"elementor elementor-71022643 elementor-71017452\">\n\t\t\t\t\t\t<section class=\"elementor-section elementor-top-section elementor-element elementor-element-8a0e643 elementor-section-boxed elementor-section-height-default elementor-section-height-default\" data-id=\"8a0e643\" data-element_type=\"section\" data-e-type=\"section\">\n\t\t\t\t\t\t<div class=\"elementor-container elementor-column-gap-default\">\n\t\t\t\t\t<div class=\"elementor-column elementor-col-100 elementor-top-column elementor-element elementor-element-31e4eba\" data-id=\"31e4eba\" data-element_type=\"column\" data-e-type=\"column\">\n\t\t\t<div class=\"elementor-widget-wrap elementor-element-populated\">\n\t\t\t\t\t\t<div class=\"elementor-element elementor-element-226ccd8 elementor-widget elementor-widget-heading\" data-id=\"226ccd8\" data-element_type=\"widget\" data-e-type=\"widget\" data-widget_type=\"heading.default\">\n\t\t\t\t<div class=\"elementor-widget-container\">\n\t\t\t\t\t<h2 class=\"elementor-heading-title elementor-size-default\">Quick and easy assembly of the Choral riser<\/h2>\t\t\t\t<\/div>\n\t\t\t\t<\/div>\n\t\t\t\t<div class=\"elementor-element elementor-element-d981de7 tutorial elementor-widget elementor-widget-video\" data-id=\"d981de7\" data-element_type=\"widget\" data-e-type=\"widget\" data-settings=\"{&quot;video_type&quot;:&quot;hosted&quot;,&quot;autoplay&quot;:&quot;yes&quot;,&quot;loop&quot;:&quot;yes&quot;,&quot;mute&quot;:&quot;yes&quot;,&quot;controls&quot;:&quot;yes&quot;}\" data-widget_type=\"video.default\">\n\t\t\t\t<div class=\"elementor-widget-container\">\n\t\t\t\t\t\t\t<div class=\"e-hosted-video elementor-wrapper elementor-open-inline\">\n\t\t\t\t\t<video class=\"elementor-video\" src=\"https:\/\/gpp.s3.eu-central-1.amazonaws.com\/greito-surinkimo-choro-pakyla-video-compressed.mp4\" autoplay=\"\" loop=\"\" controls=\"\" muted=\"muted\" controlsList=\"nodownload\"><\/video>\n\t\t\t\t<\/div>\n\t\t\t\t\t\t<\/div>\n\t\t\t\t<\/div>\n\t\t\t\t\t<\/div>\n\t\t<\/div>\n\t\t\t\t\t<\/div>\n\t\t<\/section>\n\t\t\t\t<section class=\"elementor-section elementor-top-section elementor-element elementor-element-1a7562e1 elementor-section-boxed elementor-section-height-default elementor-section-height-default\" data-id=\"1a7562e1\" data-element_type=\"section\" data-e-type=\"section\">\n\t\t\t\t\t\t<div class=\"elementor-container elementor-column-gap-default\">\n\t\t\t\t\t<div class=\"elementor-column elementor-col-100 elementor-top-column elementor-element elementor-element-25cc858f\" data-id=\"25cc858f\" data-element_type=\"column\" data-e-type=\"column\">\n\t\t\t<div class=\"elementor-widget-wrap elementor-element-populated\">\n\t\t\t\t\t\t<div class=\"elementor-element elementor-element-4c85994b elementor-widget elementor-widget-text-editor\" data-id=\"4c85994b\" data-element_type=\"widget\" data-e-type=\"widget\" data-widget_type=\"text-editor.default\">\n\t\t\t\t<div class=\"elementor-widget-container\">\n\t\t\t\t\t\t\t\t\t<p><strong>How many people can be accommodated (3 steps):<br><\/strong>Module 1 &#8211; 8-12 group<br>Module 2 &#8211; 16-24 group<br>Module 3 &#8211; 24-36 group<br>Module 4 &#8211; 32-48 group<br>Module 5 &#8211; 40-60 group<br>Module 6 &#8211; 48-72 group<br>Module 7 &#8211; 56-84 group<br>Module 8 &#8211; 64-96 group<\/p><p><strong>How many people can be accommodated (4 steps):<br><\/strong>Module 1 &#8211; 11-17 group<br>Module 2 &#8211; 24-34 group<br>Module 3 &#8211; 33-51 group<br>Module 4 &#8211; 44-68 group<br>Module 5 &#8211; 55-85 group<br>Module 6 &#8211; 66-102 group<br>Module 7 &#8211; 77-119 group<br>Module 8 &#8211; 88-136 group<\/p><p><strong>Technical data:<br>Riser:<\/strong><br>&#8211; Size: 130 x 46 cm (4&#8217;3&#8243; x 18&#8243;) 3-tiered riser.<br>&#8211; Unit weight: 51 kg<br>&#8211; Podium load: 8kN\/m\u00b2<br>&#8211; Accordion folding riser allows easy transport of the folded riser module (folded (length, width, height): 166 cm x 52 cm x 37 cm).<br>&#8211; Perfect for touring groups.<\/p><p><span style=\"color: inherit; font-family: inherit; font-size: inherit; background-color: var(--et_container-bg-color, transparent);\"><b>The surface of the steps:<br><\/b><\/span><span style=\"color: inherit; font-family: inherit; font-size: inherit; font-weight: var( --e-global-typography-text-font-weight ); background-color: var(--et_container-bg-color, transparent);\">Grey carpet: 19mm plywood with 5.8mm carpet.<br><\/span><span style=\"color: inherit; font-family: inherit; font-size: inherit; font-weight: var( --e-global-typography-text-font-weight ); background-color: var(--et_container-bg-color, transparent);\">The carpet is 80% polypropylene, 20% polyester.<br><\/span><span style=\"color: inherit; font-family: inherit; font-size: inherit; font-weight: var( --e-global-typography-text-font-weight ); background-color: var(--et_container-bg-color, transparent);\">&#8211; Durable epoxy powder-coated edging on steps.<br><\/span><span style=\"color: inherit; font-family: inherit; font-size: inherit; font-weight: var( --e-global-typography-text-font-weight ); background-color: var(--et_container-bg-color, transparent);\">&#8211; A foot pedal-controlled cross brace automatically locks the legs.<br><\/span><span style=\"color: inherit; font-family: inherit; font-size: inherit; font-weight: var( --e-global-typography-text-font-weight ); background-color: var(--et_container-bg-color, transparent);\">&#8211; The frame allows the risers to be configured to create a straight, arched, horseshoe or winged shape.<br><\/span><span style=\"color: inherit; font-family: inherit; font-size: inherit; font-weight: var( --e-global-typography-text-font-weight ); background-color: var(--et_container-bg-color, transparent);\">&#8211; 8cm and 10cm size wheels for transport and positioning.<br><\/span><span style=\"color: inherit; font-family: inherit; font-size: inherit; font-weight: var( --e-global-typography-text-font-weight ); background-color: var(--et_container-bg-color, transparent);\">&#8211; By changing the position of the risers, you can change the shape of the choir risers.<\/span><\/p><p><strong>Rear railing:<\/strong><br>&#8211; Size: 122 cm (4&#8242;)<br>&#8211; Unit weight: 11 kg<br>&#8211; No tools required for removal, quickly attached with clamps<br>&#8211; Durable black epoxy paint finish.<br><strong>Side rails:<\/strong><br>&#8211; Unit weight: 22 kg<br>&#8211; Can be used with standard shapes (side rails are not compatible with certain shapes)<br>&#8211; Black epoxy paint finish.<br>&#8211; Attaches to both the rear railing and the riser.<\/p><p><strong>Available accessories:<\/strong><br>Add-on for the 4th step<br>&#8211; Size: 140 x 46 cm<br>&#8211; Unit weight: 22 kg<br>&#8211; The 4th step add-on can be attached to the 3 steps riser with the integrated locking clips<br>&#8211; This add-on has to be removed individually before the 3 steps riser is folded.<\/p>\t\t\t\t\t\t\t\t<\/div>\n\t\t\t\t<\/div>\n\t\t\t\t\t<\/div>\n\t\t<\/div>\n\t\t\t\t\t<\/div>\n\t\t<\/section>\n\t\t\t\t<\/div>\n\t\t","protected":false},"excerpt":{"rendered":"<p><span data-sheets-root=\"1\" data-sheets-value=\"{\"1\":2,\"2\":\"Greitai surenkama vieno \u017emogaus, trij\u0173 pakop\u0173 ir trij\u0173 moduli\u0173 mobili choro pakyla PROFESSIONAL. Su galiniais (3vnt.) ir \u0161oniais (2vnt.) tur\u0117klais.nnLengvas transportavimas ratuk\u0173 pagalba (vieno pakylos segmento svoris apie 70 kg). Su esamu mechanizmu pastatyti ir sulankstyti choro pakyl\u0105 labai lengva.nnI-os eil\u0117s auk\u0161tis 20 cm, II-os 40 cm, III-os 60 cmnnU\u017esakymai priimami gpp@gpp.lt +370 698 27162\"}\" data-sheets-userformat=\"{\"2\":7165,\"3\":{\"1\":0},\"5\":{\"1\":[{\"1\":2,\"2\":0,\"5\":{\"1\":2,\"2\":0}},{\"1\":0,\"2\":0,\"3\":3},{\"1\":1,\"2\":0,\"4\":1}]},\"6\":{\"1\":[{\"1\":2,\"2\":0,\"5\":{\"1\":2,\"2\":0}},{\"1\":0,\"2\":0,\"3\":3},{\"1\":1,\"2\":0,\"4\":1}]},\"7\":{\"1\":[{\"1\":2,\"2\":0,\"5\":{\"1\":2,\"2\":0}},{\"1\":0,\"2\":0,\"3\":3},{\"1\":1,\"2\":0,\"4\":1}]},\"8\":{\"1\":[{\"1\":2,\"2\":0,\"5\":{\"1\":2,\"2\":0}},{\"1\":0,\"2\":0,\"3\":3},{\"1\":1,\"2\":0,\"4\":1}]},\"9\":0,\"10\":1,\"11\":3,\"12\":0,\"14\":{\"1\":3,\"3\":1},\"15\":\"Arial\"}\">A mobile Choral riser, quickly assembled by one person.<\/span><\/p>\n<p>Easy transport on castors (weight per choral riser segment approx. 51 kg). With the existing mechanism, it is very easy to set up and fold the choral riser.<\/p>\n<p>Height of row I &#8211; 20 cm, row II &#8211; 41 cm, row III &#8211; 61 cm. Possible addition: 4th step (81cm).<\/p>\n<p>Orders are accepted at gpp@gpp.lt +370 698 27162<\/p>\n","protected":false},"featured_media":71022559,"comment_status":"open","ping_status":"closed","template":"","meta":[],"etheme_brands":[],"product_brand":[],"product_cat":[685,684],"product_tag":[],"class_list":{"0":"post-71022643","1":"product","2":"type-product","3":"status-publish","4":"has-post-thumbnail","6":"product_cat-quick-assembly","7":"product_cat-choral-risers","8":"product_shipping_class-shipment-by-pallet","10":"first","11":"onbackorder","12":"taxable","13":"shipping-taxable","14":"purchasable","15":"product-type-variable"},"_links":{"self":[{"href":"https:\/\/gpp.lt\/en\/wp-json\/wp\/v2\/product\/71022643","targetHints":{"allow":["GET"]}}],"collection":[{"href":"https:\/\/gpp.lt\/en\/wp-json\/wp\/v2\/product"}],"about":[{"href":"https:\/\/gpp.lt\/en\/wp-json\/wp\/v2\/types\/product"}],"replies":[{"embeddable":true,"href":"https:\/\/gpp.lt\/en\/wp-json\/wp\/v2\/comments?post=71022643"}],"version-history":[{"count":14,"href":"https:\/\/gpp.lt\/en\/wp-json\/wp\/v2\/product\/71022643\/revisions"}],"predecessor-version":[{"id":71025903,"href":"https:\/\/gpp.lt\/en\/wp-json\/wp\/v2\/product\/71022643\/revisions\/71025903"}],"wp:featuredmedia":[{"embeddable":true,"href":"https:\/\/gpp.lt\/en\/wp-json\/wp\/v2\/media\/71022559"}],"wp:attachment":[{"href":"https:\/\/gpp.lt\/en\/wp-json\/wp\/v2\/media?parent=71022643"}],"wp:term":[{"taxonomy":"brand","embeddable":true,"href":"https:\/\/gpp.lt\/en\/wp-json\/wp\/v2\/etheme_brands?post=71022643"},{"taxonomy":"product_brand","embeddable":true,"href":"https:\/\/gpp.lt\/en\/wp-json\/wp\/v2\/product_brand?post=71022643"},{"taxonomy":"product_cat","embeddable":true,"href":"https:\/\/gpp.lt\/en\/wp-json\/wp\/v2\/product_cat?post=71022643"},{"taxonomy":"product_tag","embeddable":true,"href":"https:\/\/gpp.lt\/en\/wp-json\/wp\/v2\/product_tag?post=71022643"}],"curies":[{"name":"wp","href":"https:\/\/api.w.org\/{rel}","templated":true}]}}