{"id":71022941,"date":"2024-04-09T13:20:28","date_gmt":"2024-04-09T13:20:28","guid":{"rendered":"https:\/\/gpp.lt\/produktas\/fluorescent-adhesive-marking-tape-48mm-x-50m-orange\/"},"modified":"2024-04-09T13:20:28","modified_gmt":"2024-04-09T13:20:28","slug":"fluorescent-adhesive-marking-tape-48mm-x-50m-orange","status":"publish","type":"product","link":"https:\/\/gpp.lt\/en\/produktas\/fluorescent-adhesive-marking-tape-48mm-x-50m-orange\/","title":{"rendered":"Fluorescent adhesive marking tape 48mm x 50m, Orange"},"content":{"rendered":"","protected":false},"excerpt":{"rendered":"<p><span data-sheets-root=\"1\" data-sheets-value=\"{\"1\":2,\"2\":\"Ma\u017eiausias u\u017esakymas 8 vnt.\\n\\n\u2022 Lipni \u017eym\u0117jimo juosta. Audinio juosta atspari dr\u0117gmei fluorascentin\u0117  25\u043c\u043c \u0445 50\u043c.\"}\" data-sheets-userformat=\"{\"2\":6653,\"3\":{\"1\":0},\"5\":{\"1\":[{\"1\":2,\"2\":0,\"5\":{\"1\":2,\"2\":0}},{\"1\":0,\"2\":0,\"3\":3},{\"1\":1,\"2\":0,\"4\":1}]},\"6\":{\"1\":[{\"1\":2,\"2\":0,\"5\":{\"1\":2,\"2\":0}},{\"1\":0,\"2\":0,\"3\":3},{\"1\":1,\"2\":0,\"4\":1}]},\"7\":{\"1\":[{\"1\":2,\"2\":0,\"5\":{\"1\":2,\"2\":0}},{\"1\":0,\"2\":0,\"3\":3},{\"1\":1,\"2\":0,\"4\":1}]},\"8\":{\"1\":[{\"1\":2,\"2\":0,\"5\":{\"1\":2,\"2\":0}},{\"1\":0,\"2\":0,\"3\":3},{\"1\":1,\"2\":0,\"4\":1}]},\"9\":0,\"10\":1,\"11\":3,\"14\":{\"1\":3,\"3\":1},\"15\":\"Arial\"}\">Minimum order 8 pcs.<\/p>\n<p>&#8211; Adhesive marking tape. Fluorescent moisture-resistant fabric tape 25mm x 50m.<\/span><\/p>\n","protected":false},"featured_media":62369,"comment_status":"open","ping_status":"closed","template":"","meta":[],"etheme_brands":[],"product_brand":[],"product_cat":[677,707,676],"product_tag":[683],"class_list":{"0":"post-71022941","1":"product","2":"type-product","3":"status-publish","4":"has-post-thumbnail","6":"product_cat-stage-decks-main","7":"product_cat-stairs","8":"product_cat-stages","9":"product_tag-delivery-6-8-weeks","11":"first","12":"onbackorder","13":"taxable","14":"shipping-taxable","15":"purchasable","16":"product-type-simple"},"_links":{"self":[{"href":"https:\/\/gpp.lt\/en\/wp-json\/wp\/v2\/product\/71022941","targetHints":{"allow":["GET"]}}],"collection":[{"href":"https:\/\/gpp.lt\/en\/wp-json\/wp\/v2\/product"}],"about":[{"href":"https:\/\/gpp.lt\/en\/wp-json\/wp\/v2\/types\/product"}],"replies":[{"embeddable":true,"href":"https:\/\/gpp.lt\/en\/wp-json\/wp\/v2\/comments?post=71022941"}],"version-history":[{"count":0,"href":"https:\/\/gpp.lt\/en\/wp-json\/wp\/v2\/product\/71022941\/revisions"}],"wp:featuredmedia":[{"embeddable":true,"href":"https:\/\/gpp.lt\/en\/wp-json\/wp\/v2\/media\/62369"}],"wp:attachment":[{"href":"https:\/\/gpp.lt\/en\/wp-json\/wp\/v2\/media?parent=71022941"}],"wp:term":[{"taxonomy":"brand","embeddable":true,"href":"https:\/\/gpp.lt\/en\/wp-json\/wp\/v2\/etheme_brands?post=71022941"},{"taxonomy":"product_brand","embeddable":true,"href":"https:\/\/gpp.lt\/en\/wp-json\/wp\/v2\/product_brand?post=71022941"},{"taxonomy":"product_cat","embeddable":true,"href":"https:\/\/gpp.lt\/en\/wp-json\/wp\/v2\/product_cat?post=71022941"},{"taxonomy":"product_tag","embeddable":true,"href":"https:\/\/gpp.lt\/en\/wp-json\/wp\/v2\/product_tag?post=71022941"}],"curies":[{"name":"wp","href":"https:\/\/api.w.org\/{rel}","templated":true}]}}