{"id":71023232,"date":"2024-06-06T11:18:56","date_gmt":"2024-06-06T11:18:56","guid":{"rendered":"https:\/\/gpp.lt\/produktas\/ev-e44-2-aluminium-square-truss-15m\/"},"modified":"2024-06-06T11:18:56","modified_gmt":"2024-06-06T11:18:56","slug":"ev-e44-2-aluminium-square-truss-15m","status":"publish","type":"product","link":"https:\/\/gpp.lt\/en\/produktas\/ev-e44-2-aluminium-square-truss-15m\/","title":{"rendered":"EV E44-2 Aluminium square truss 1,5m"},"content":{"rendered":"<p><span data-sheets-root=\"1\" data-sheets-value=\"{\"1\":2,\"2\":\"Ilgis:n0,25mnnPagrindinio vamzd\u017eio diametras:n50mmnnPagrindinio vamzd\u017eio sienel\u0117s storis:n2mmnnVidinio vamzd\u017eio dydis:n25x3mmnnBendras dydis:n400x400mmnnMed\u017eiaga:naliuminis 6082 T6\"}\" data-sheets-userformat=\"{\"2\":6783,\"3\":{\"1\":0},\"4\":{\"1\":2,\"2\":16777215},\"5\":{\"1\":[{\"1\":2,\"2\":0,\"5\":{\"1\":2,\"2\":0}},{\"1\":0,\"2\":0,\"3\":3},{\"1\":1,\"2\":0,\"4\":1}]},\"6\":{\"1\":[{\"1\":2,\"2\":0,\"5\":{\"1\":2,\"2\":0}},{\"1\":0,\"2\":0,\"3\":3},{\"1\":1,\"2\":0,\"4\":1}]},\"7\":{\"1\":[{\"1\":2,\"2\":0,\"5\":{\"1\":2,\"2\":0}},{\"1\":0,\"2\":0,\"3\":3},{\"1\":1,\"2\":0,\"4\":1}]},\"8\":{\"1\":[{\"1\":2,\"2\":0,\"5\":{\"1\":2,\"2\":0}},{\"1\":0,\"2\":0,\"3\":3},{\"1\":1,\"2\":0,\"4\":1}]},\"9\":0,\"12\":0,\"14\":{\"1\":2,\"2\":0},\"15\":\"Arial\"}\">Length:<br \/>\n1,5m<\/span><\/p>\n<p>Diameter of the main tube:<br \/>\n50mm<\/p>\n<p>Wall thickness of the main tube:<br \/>\n2mm<\/p>\n<p>Braces size:<br \/>\n25x3mm<\/p>\n<p>Overall size:<br \/>\n400x400mm<\/p>\n<p>Material:<br \/>\nAluminium 6082 T6<\/p>\n","protected":false},"excerpt":{"rendered":"<p><span data-sheets-root=\"1\" data-sheets-value=\"{\"1\":2,\"2\":\"44-2 tipo aliuminio keturkamp\u0117 konstrukcija, dar vadinama \u201eferma\". Ferma gali jungtis su tokio pat tipo gamintoj\u0173 \u201eGlobal Truss\", \u201eDuraTruss\" aliuminio fermomis.nnKartu pridedamas jung\u010di\u0173 rinkinys.\"}\" data-sheets-userformat=\"{\"2\":7165,\"3\":{\"1\":0},\"5\":{\"1\":[{\"1\":2,\"2\":0,\"5\":{\"1\":2,\"2\":0}},{\"1\":0,\"2\":0,\"3\":3},{\"1\":1,\"2\":0,\"4\":1}]},\"6\":{\"1\":[{\"1\":2,\"2\":0,\"5\":{\"1\":2,\"2\":0}},{\"1\":0,\"2\":0,\"3\":3},{\"1\":1,\"2\":0,\"4\":1}]},\"7\":{\"1\":[{\"1\":2,\"2\":0,\"5\":{\"1\":2,\"2\":0}},{\"1\":0,\"2\":0,\"3\":3},{\"1\":1,\"2\":0,\"4\":1}]},\"8\":{\"1\":[{\"1\":2,\"2\":0,\"5\":{\"1\":2,\"2\":0}},{\"1\":0,\"2\":0,\"3\":3},{\"1\":1,\"2\":0,\"4\":1}]},\"9\":0,\"10\":1,\"11\":3,\"12\":0,\"14\":{\"1\":3,\"3\":1},\"15\":\"Arial\"}\">Type 44-2 aluminium square truss. The truss can be connected to aluminium trusses of the same type from Global Truss, DuraTruss.<\/span><\/p>\n<p>A set of connectors is included.<\/p>\n","protected":false},"featured_media":71016474,"comment_status":"open","ping_status":"closed","template":"","meta":[],"etheme_brands":[],"product_brand":[],"product_cat":[676,716,726,727],"product_tag":[683],"class_list":{"0":"post-71023232","1":"product","2":"type-product","3":"status-publish","4":"has-post-thumbnail","6":"product_cat-stages","7":"product_cat-aluminium-trusses","8":"product_cat-square-truss","9":"product_cat-44-2-en","10":"product_tag-delivery-6-8-weeks","12":"first","13":"onbackorder","14":"taxable","15":"shipping-taxable","16":"purchasable","17":"product-type-simple"},"_links":{"self":[{"href":"https:\/\/gpp.lt\/en\/wp-json\/wp\/v2\/product\/71023232","targetHints":{"allow":["GET"]}}],"collection":[{"href":"https:\/\/gpp.lt\/en\/wp-json\/wp\/v2\/product"}],"about":[{"href":"https:\/\/gpp.lt\/en\/wp-json\/wp\/v2\/types\/product"}],"replies":[{"embeddable":true,"href":"https:\/\/gpp.lt\/en\/wp-json\/wp\/v2\/comments?post=71023232"}],"version-history":[{"count":0,"href":"https:\/\/gpp.lt\/en\/wp-json\/wp\/v2\/product\/71023232\/revisions"}],"wp:featuredmedia":[{"embeddable":true,"href":"https:\/\/gpp.lt\/en\/wp-json\/wp\/v2\/media\/71016474"}],"wp:attachment":[{"href":"https:\/\/gpp.lt\/en\/wp-json\/wp\/v2\/media?parent=71023232"}],"wp:term":[{"taxonomy":"brand","embeddable":true,"href":"https:\/\/gpp.lt\/en\/wp-json\/wp\/v2\/etheme_brands?post=71023232"},{"taxonomy":"product_brand","embeddable":true,"href":"https:\/\/gpp.lt\/en\/wp-json\/wp\/v2\/product_brand?post=71023232"},{"taxonomy":"product_cat","embeddable":true,"href":"https:\/\/gpp.lt\/en\/wp-json\/wp\/v2\/product_cat?post=71023232"},{"taxonomy":"product_tag","embeddable":true,"href":"https:\/\/gpp.lt\/en\/wp-json\/wp\/v2\/product_tag?post=71023232"}],"curies":[{"name":"wp","href":"https:\/\/api.w.org\/{rel}","templated":true}]}}