{"id":71024922,"date":"2023-11-22T13:42:21","date_gmt":"2023-11-22T13:42:21","guid":{"rendered":"https:\/\/gpp.lt\/produktas\/gpp-stages-arched-pavilion-stage-roof-10x10-m\/"},"modified":"2026-01-07T10:56:21","modified_gmt":"2026-01-07T10:56:21","slug":"gpp-stages-arched-pavilion-stage-roof-10x10-m","status":"publish","type":"product","link":"https:\/\/gpp.lt\/en\/produktas\/gpp-stages-arched-pavilion-stage-roof-10x10-m\/","title":{"rendered":"GPP Stages Arched pavilion-stage roof 10&#215;10 m"},"content":{"rendered":"<p>The modular aluminum structure can be used as an arched pavilion, stage roof, dome, or tented hangar. For example, by covering the structure&#8217;s roof with a tent, it becomes ideal for weddings or conferences. If enclosure is needed, tents can be installed on all or three sides, leaving one side open for entry. When only the roof is covered and stage platforms are set up on the ground, the structure serves perfectly as a stage roof. With a transparent tent, it can transform into a see-through dome for classrooms, relaxation areas, or outdoor caf\u00e9s. This structure offers far more versatility than a traditional wooden dome. It is also suitable as a tented hangar for storing cars, construction equipment, machinery, or other items.      <\/p>\n","protected":false},"excerpt":{"rendered":"<p><span data-sheets-root=\"1\" data-sheets-value=\"{\"1\":2,\"2\":\"10x10 m dyd\u017eio arkinis paviljonas-scenos stogas. Arkos auk\u0161tis 4,50 m.\\n\\nKartu su gaminiu galime pateikti ir statistini\u0173 duomen\u0173 dokument\u0105 (\\\"Statistic report\\\"), kuriuose nurodomos apkrovos ir v\u0117jo g\u016bsiai bei kita technin\u0117 informacija.\\n\\nSertifikuotas PVC tentinis stogas ir sienos (650 g\/m2), galimos \u012fvairios tento spalvos.\\n\\n\u012e komplektacij\u0105 \u012feina trys sienos, bet galimos ir keturios. Sienos ir stogas gali b\u016bti skaidr\u016bs.\\n\\nPagaminta EU.\\n\\nIndividual\u016bs u\u017esakymai priimami gpp@gpp.lt, +370 698 27162\"}\" data-sheets-userformat=\"{\"2\":7165,\"3\":{\"1\":0},\"5\":{\"1\":[{\"1\":2,\"2\":0,\"5\":{\"1\":2,\"2\":0}},{\"1\":0,\"2\":0,\"3\":3},{\"1\":1,\"2\":0,\"4\":1}]},\"6\":{\"1\":[{\"1\":2,\"2\":0,\"5\":{\"1\":2,\"2\":0}},{\"1\":0,\"2\":0,\"3\":3},{\"1\":1,\"2\":0,\"4\":1}]},\"7\":{\"1\":[{\"1\":2,\"2\":0,\"5\":{\"1\":2,\"2\":0}},{\"1\":0,\"2\":0,\"3\":3},{\"1\":1,\"2\":0,\"4\":1}]},\"8\":{\"1\":[{\"1\":2,\"2\":0,\"5\":{\"1\":2,\"2\":0}},{\"1\":0,\"2\":0,\"3\":3},{\"1\":1,\"2\":0,\"4\":1}]},\"9\":0,\"10\":1,\"11\":3,\"12\":0,\"14\":{\"1\":3,\"3\":1},\"15\":\"Arial\"}\">10&#215;10 m arched pavilion-stage roof. The height of the arch is 4,50 m. <\/span><\/p>\n<p>We can also provide a statistical report with the product, which includes loads, wind data and other technical information.<\/p>\n<p>Certified PVC roof and sides (650 g\/m\u00b2), available in different colours.<\/p>\n<p>Three PVC sides are included. Four sides configuration is possible for order. Sides and roof can be transparent with transparent type of PVC tent. <\/p>\n<p>Made in the EU.<\/p>\n<p>Individual orders are accepted at gpp@gpp.lt, +370 698 27162<\/p>\n<p><em><span style=\"color: #ff0000;\">The delivery price for this product is calculated individually after ordering.<\/span><\/em><\/p>\n","protected":false},"featured_media":71016300,"comment_status":"open","ping_status":"closed","template":"","meta":[],"etheme_brands":[],"product_brand":[],"product_cat":[770],"product_tag":[],"class_list":{"0":"post-71024922","1":"product","2":"type-product","3":"status-publish","4":"has-post-thumbnail","6":"product_cat-pavilions","7":"product_shipping_class-calculated-on-request","9":"first","10":"onbackorder","11":"taxable","12":"shipping-taxable","13":"purchasable","14":"product-type-simple"},"_links":{"self":[{"href":"https:\/\/gpp.lt\/en\/wp-json\/wp\/v2\/product\/71024922","targetHints":{"allow":["GET"]}}],"collection":[{"href":"https:\/\/gpp.lt\/en\/wp-json\/wp\/v2\/product"}],"about":[{"href":"https:\/\/gpp.lt\/en\/wp-json\/wp\/v2\/types\/product"}],"replies":[{"embeddable":true,"href":"https:\/\/gpp.lt\/en\/wp-json\/wp\/v2\/comments?post=71024922"}],"version-history":[{"count":2,"href":"https:\/\/gpp.lt\/en\/wp-json\/wp\/v2\/product\/71024922\/revisions"}],"predecessor-version":[{"id":71025871,"href":"https:\/\/gpp.lt\/en\/wp-json\/wp\/v2\/product\/71024922\/revisions\/71025871"}],"wp:featuredmedia":[{"embeddable":true,"href":"https:\/\/gpp.lt\/en\/wp-json\/wp\/v2\/media\/71016300"}],"wp:attachment":[{"href":"https:\/\/gpp.lt\/en\/wp-json\/wp\/v2\/media?parent=71024922"}],"wp:term":[{"taxonomy":"brand","embeddable":true,"href":"https:\/\/gpp.lt\/en\/wp-json\/wp\/v2\/etheme_brands?post=71024922"},{"taxonomy":"product_brand","embeddable":true,"href":"https:\/\/gpp.lt\/en\/wp-json\/wp\/v2\/product_brand?post=71024922"},{"taxonomy":"product_cat","embeddable":true,"href":"https:\/\/gpp.lt\/en\/wp-json\/wp\/v2\/product_cat?post=71024922"},{"taxonomy":"product_tag","embeddable":true,"href":"https:\/\/gpp.lt\/en\/wp-json\/wp\/v2\/product_tag?post=71024922"}],"curies":[{"name":"wp","href":"https:\/\/api.w.org\/{rel}","templated":true}]}}