{"id":71026029,"date":"2025-12-02T11:57:21","date_gmt":"2025-12-02T11:57:21","guid":{"rendered":"https:\/\/gpp.lt\/?post_type=product&#038;p=71026029"},"modified":"2026-01-07T12:47:38","modified_gmt":"2026-01-07T12:47:38","slug":"gpp-stages-spannfix-elastic-bands-with-hooks-25cm-o-4mm-black-50-pcs","status":"publish","type":"product","link":"https:\/\/gpp.lt\/en\/produktas\/gpp-stages-spannfix-elastic-bands-with-hooks-25cm-o-4mm-black-50-pcs\/","title":{"rendered":"GPP Stages spannfix elastic bands with hooks, 25cm, \u00d8 4mm, black, 50 pcs."},"content":{"rendered":"<p data-start=\"814\" data-end=\"895\"><strong data-start=\"814\" data-end=\"836\">Durable hooks<\/strong> &#8211; easy to fix, non-splintering and resistant to loads.<\/p>\n<p data-start=\"898\" data-end=\"1027\"><strong data-start=\"898\" data-end=\"914\">Elastingumas<\/strong> \u2013 25 cm juosta gali b\u016bti patogiai i\u0161tempiama iki didesnio ilgio, prisitaikant prie \u012fvairi\u0173 tvirtinimo poreiki\u0173.<\/p>\n<p data-start=\"1030\" data-end=\"1205\"><strong data-start=\"1030\" data-end=\"1056\">Versatile use<\/strong> &#8211; ideal for outdoor stage fabrics, awnings, tents, banners, pool covers, trailer awnings, cables, hoses, equipment and other fixing situations.<\/p>\n<p data-start=\"1208\" data-end=\"1335\"><strong data-start=\"1208\" data-end=\"1230\">Easy installation<\/strong> &#8211; the strap can be quickly threaded through loops, rings or grommets and hooked onto the hook in a single movement.<\/p>\n<p data-start=\"1338\" data-end=\"1439\"><strong data-start=\"1338\" data-end=\"1352\">Resistance<\/strong> &#8211; no fear of rain, sun, UV rays, temperature changes and everyday wear and tear.<\/p>\n<p data-start=\"1781\" data-end=\"1799\">Ilgis: <strong data-start=\"1788\" data-end=\"1797\">25 cm<\/strong><\/p>\n<p data-start=\"1802\" data-end=\"1824\">Diameter: <strong data-start=\"1812\" data-end=\"1822\">\u00d8 4 mm<\/strong><\/p>\n<p data-start=\"1827\" data-end=\"1846\">Colour: <strong data-start=\"1835\" data-end=\"1844\">black<\/strong><\/p>\n<p data-start=\"1849\" data-end=\"1880\">Quantity per pack: <strong data-start=\"1867\" data-end=\"1878\">50 pcs.<\/strong><\/p>\n<p data-start=\"1883\" data-end=\"1934\">Type: <strong>spannfix elastic bands with hooks<\/strong><\/p>\n","protected":false},"excerpt":{"rendered":"<p>High-quality elastic rubber bands with sturdy hooks for fast and reliable fixing of various items. The straps ensure long-lasting use in a wide range of weather conditions, both indoors and outdoors:<\/p>\n<ul data-start=\"1464\" data-end=\"1755\">\n<li data-start=\"1464\" data-end=\"1499\">For outdoor stage fabrics<\/li>\n<li data-start=\"1464\" data-end=\"1499\">\n<p data-start=\"1466\" data-end=\"1499\">For awnings and caravan covers<\/p>\n<\/li>\n<li data-start=\"1500\" data-end=\"1538\">\n<p data-start=\"1502\" data-end=\"1538\">For camping equipment and tents<\/p>\n<\/li>\n<li data-start=\"1539\" data-end=\"1570\">\n<p data-start=\"1541\" data-end=\"1570\">For banners and posters<\/p>\n<\/li>\n<li data-start=\"1571\" data-end=\"1594\">\n<p data-start=\"1573\" data-end=\"1594\">For swimming pool covers<\/p>\n<\/li>\n<li data-start=\"1595\" data-end=\"1638\">\n<p data-start=\"1597\" data-end=\"1638\">For cables, hoses, equipment fixing<\/p>\n<\/li>\n<li data-start=\"1639\" data-end=\"1693\">\n<p data-start=\"1641\" data-end=\"1693\">For pavilions, gazebos, sail support knots<\/p>\n<\/li>\n<li data-start=\"1694\" data-end=\"1755\">\n<p data-start=\"1696\" data-end=\"1755\">For a wide range of domestic and professional fastening tasks<\/p>\n<\/li>\n<\/ul>\n","protected":false},"featured_media":71026024,"comment_status":"open","ping_status":"closed","template":"","meta":[],"etheme_brands":[],"product_brand":[],"product_cat":[771,781,695],"product_tag":[692],"class_list":{"0":"post-71026029","1":"product","2":"type-product","3":"status-publish","4":"has-post-thumbnail","6":"product_cat-accessories-en","7":"product_cat-loops-and-straps","8":"product_cat-fabrics","9":"product_tag-in-stock","11":"first","12":"instock","13":"taxable","14":"shipping-taxable","15":"purchasable","16":"product-type-simple"},"_links":{"self":[{"href":"https:\/\/gpp.lt\/en\/wp-json\/wp\/v2\/product\/71026029","targetHints":{"allow":["GET"]}}],"collection":[{"href":"https:\/\/gpp.lt\/en\/wp-json\/wp\/v2\/product"}],"about":[{"href":"https:\/\/gpp.lt\/en\/wp-json\/wp\/v2\/types\/product"}],"replies":[{"embeddable":true,"href":"https:\/\/gpp.lt\/en\/wp-json\/wp\/v2\/comments?post=71026029"}],"version-history":[{"count":6,"href":"https:\/\/gpp.lt\/en\/wp-json\/wp\/v2\/product\/71026029\/revisions"}],"predecessor-version":[{"id":71026145,"href":"https:\/\/gpp.lt\/en\/wp-json\/wp\/v2\/product\/71026029\/revisions\/71026145"}],"wp:featuredmedia":[{"embeddable":true,"href":"https:\/\/gpp.lt\/en\/wp-json\/wp\/v2\/media\/71026024"}],"wp:attachment":[{"href":"https:\/\/gpp.lt\/en\/wp-json\/wp\/v2\/media?parent=71026029"}],"wp:term":[{"taxonomy":"brand","embeddable":true,"href":"https:\/\/gpp.lt\/en\/wp-json\/wp\/v2\/etheme_brands?post=71026029"},{"taxonomy":"product_brand","embeddable":true,"href":"https:\/\/gpp.lt\/en\/wp-json\/wp\/v2\/product_brand?post=71026029"},{"taxonomy":"product_cat","embeddable":true,"href":"https:\/\/gpp.lt\/en\/wp-json\/wp\/v2\/product_cat?post=71026029"},{"taxonomy":"product_tag","embeddable":true,"href":"https:\/\/gpp.lt\/en\/wp-json\/wp\/v2\/product_tag?post=71026029"}],"curies":[{"name":"wp","href":"https:\/\/api.w.org\/{rel}","templated":true}]}}